{"id":11,"date":"2016-03-28T09:28:14","date_gmt":"2016-03-28T09:28:14","guid":{"rendered":"http:\/\/wp.magnium-themes.com\/thebuilt\/thebuilt-2\/?page_id=11"},"modified":"2021-01-07T22:34:15","modified_gmt":"2021-01-07T22:34:15","slug":"inicio","status":"publish","type":"page","link":"https:\/\/sigmaingenieros.cl\/sigmaingenieros\/","title":{"rendered":"HOME"},"content":{"rendered":"<p>[vc_row][vc_column][rev_slider_vc alias=\u00bbthebuilt-2&#8243;][\/vc_column][\/vc_row][vc_row][vc_column]<div class=\"mgt-header-block clearfix text-center text-black wpb_content_element  mgt-header-block-style-2 mgt-header-texttransform-both \"><p class=\"mgt-header-block-subtitle\">Trabajamos con el compromiso de satisfacer las necesidades de nuestros clientes<\/p><h2 class=\"mgt-header-block-title\">NUESTROS SERVICIOS<\/h2><\/div>[\/vc_column][\/vc_row][vc_row full_width=\u00bbstretch_row\u00bb css=\u00bb.vc_custom_1465983521264{padding-top: 20px !important;padding-bottom: 50px !important;}\u00bb][vc_column width=\u00bb1\/4&#8243;]<style scoped='scoped'>.mgt-promo-block-81855614819.mgt-promo-block.animated:hover .mgt-promo-block-content {background-color: rgba(0,0,0,0.5)!important;}<\/style><div class=\"mgt-promo-block animated white-text cover-image text-size-normal no-darken mgt-promo-block-81855614819 wpb_content_element wpb_animate_when_almost_visible wpb_left-to-right\" data-style=\"background-image: url(https:\/\/sigmaingenieros.cl\/sigmaingenieros\/wp-content\/uploads\/2020\/12\/DISENO-ESTRUCTURAL.jpg);background-repeat: no-repeat;width: 100%; height: 250px;\"><div class=\"mgt-promo-block-content mgt-hide-button\"><div class=\"mgt-promo-block-content-inside\"><div class=\"mgt-button-wrapper mgt-button-wrapper-align-center mgt-button-wrapper-display-newline mgt-button-top-margin-disable\"><a class=\"btn hvr-sweep-to-bottom mgt-button mgt-style-bordered mgt-size-normal mgt-align-center mgt-display-newline mgt-text-size-small mgt-button-icon-position-left mgt-text-transform-uppercase \" href=\"http:\/\/sigmaingenieros.cl\/sigmaingenieros\/our-services\/construction-consultant\/\">VER M\u00c1S<\/a><\/div><\/div><\/div><\/div>[vc_column_text css_animation=\u00bbleft-to-right\u00bb css=\u00bb.vc_custom_1607050675725{padding-top: 25px !important;}\u00bb]<\/p>\n<h3>DISE\u00d1O ESTRUCTUAL<\/h3>\n<p>[\/vc_column_text][\/vc_column][vc_column width=\u00bb1\/4&#8243;]<style scoped='scoped'>.mgt-promo-block-81855614819.mgt-promo-block.animated:hover .mgt-promo-block-content {background-color: rgba(0,0,0,0.5)!important;}<\/style><div class=\"mgt-promo-block animated white-text cover-image text-size-normal no-darken mgt-promo-block-81855614819 wpb_content_element wpb_animate_when_almost_visible wpb_left-to-right\" data-style=\"background-image: url(https:\/\/sigmaingenieros.cl\/sigmaingenieros\/wp-content\/uploads\/2020\/12\/FOTO-REVISION-ESTRUCTURAL-578x400-1.jpg);background-repeat: no-repeat;width: 100%; height: 250px;\"><div class=\"mgt-promo-block-content mgt-hide-button\"><div class=\"mgt-promo-block-content-inside\"><div class=\"mgt-button-wrapper mgt-button-wrapper-align-center mgt-button-wrapper-display-newline mgt-button-top-margin-disable\"><a class=\"btn hvr-sweep-to-bottom mgt-button mgt-style-bordered mgt-size-normal mgt-align-center mgt-display-newline mgt-text-size-small mgt-button-icon-position-left mgt-text-transform-uppercase \" href=\"https:\/\/sigmaingenieros.cl\/sigmaingenieros\/our-services\/house-renovation\/\">VER M\u00c1S<\/a><\/div><\/div><\/div><\/div>[vc_column_text css_animation=\u00bbleft-to-right\u00bb css=\u00bb.vc_custom_1608340761061{padding-top: 25px !important;}\u00bb]<\/p>\n<h3>REVISI\u00d3N ESTRUCTURAL<\/h3>\n<h3><\/h3>\n<p>[\/vc_column_text][\/vc_column][vc_column width=\u00bb1\/4&#8243;]<style scoped='scoped'>.mgt-promo-block-81852511819.mgt-promo-block.animated:hover .mgt-promo-block-content {background-color: rgba(0,0,0,0.5)!important;}<\/style><div class=\"mgt-promo-block animated white-text cover-image text-size-normal no-darken mgt-promo-block-81852511819 wpb_content_element wpb_animate_when_almost_visible wpb_left-to-right\" data-style=\"background-image: url(https:\/\/sigmaingenieros.cl\/sigmaingenieros\/wp-content\/uploads\/2020\/12\/FOTO-INFORMES-Y-PERITAJE-578x400-1.jpg);background-repeat: no-repeat;width: 100%; height: 250px;\"><div class=\"mgt-promo-block-content mgt-hide-button\"><div class=\"mgt-promo-block-content-inside\"><div class=\"mgt-button-wrapper mgt-button-wrapper-align-center mgt-button-wrapper-display-newline mgt-button-top-margin-disable\"><a class=\"btn hvr-sweep-to-bottom mgt-button mgt-style-bordered mgt-size-normal mgt-align-center mgt-display-newline mgt-text-size-small mgt-button-icon-position-left mgt-text-transform-uppercase \" href=\"https:\/\/sigmaingenieros.cl\/sigmaingenieros\/our-services\/informes-y-peritajes\/\">VER M\u00c1S<\/a><\/div><\/div><\/div><\/div>[vc_column_text css_animation=\u00bbleft-to-right\u00bb css=\u00bb.vc_custom_1607050687051{padding-top: 25px !important;}\u00bb]<\/p>\n<h3>INFORMES Y PERITAJES<\/h3>\n<p>[\/vc_column_text][\/vc_column][vc_column width=\u00bb1\/4&#8243;]<style scoped='scoped'>.mgt-promo-block-81852511819.mgt-promo-block.animated:hover .mgt-promo-block-content {background-color: rgba(0,0,0,0.5)!important;}<\/style><div class=\"mgt-promo-block animated white-text cover-image text-size-normal no-darken mgt-promo-block-81852511819 wpb_content_element wpb_animate_when_almost_visible wpb_left-to-right\" data-style=\"background-image: url(https:\/\/sigmaingenieros.cl\/sigmaingenieros\/wp-content\/uploads\/2020\/12\/FOTO-INSPECCION-TECNICA-578x400-1.jpg);background-repeat: no-repeat;width: 100%; height: 250px;\"><div class=\"mgt-promo-block-content mgt-hide-button\"><div class=\"mgt-promo-block-content-inside\"><div class=\"mgt-button-wrapper mgt-button-wrapper-align-center mgt-button-wrapper-display-newline mgt-button-top-margin-disable\"><a class=\"btn hvr-sweep-to-bottom mgt-button mgt-style-bordered mgt-size-normal mgt-align-center mgt-display-newline mgt-text-size-small mgt-button-icon-position-left mgt-text-transform-uppercase \" href=\"https:\/\/sigmaingenieros.cl\/sigmaingenieros\/our-services\/inspeccion-tecnica\/\">VER M\u00c1S<\/a><\/div><\/div><\/div><\/div>[vc_column_text css_animation=\u00bbleft-to-right\u00bb css=\u00bb.vc_custom_1607050691094{padding-top: 25px !important;}\u00bb]<\/p>\n<h3>INSPECCI\u00d3N T\u00c9CNICA<\/h3>\n<p>[\/vc_column_text][\/vc_column][\/vc_row][vc_row full_width=\u00bbstretch_row\u00bb equal_height=\u00bbyes\u00bb content_placement=\u00bbmiddle\u00bb parallax=\u00bbcontent-moving-fade\u00bb parallax_image=\u00bb3303&#8243; parallax_speed_bg=\u00bb3&#8243; css=\u00bb.vc_custom_1607138150044{margin-right: 0px !important;margin-bottom: 0px !important;margin-left: 0px !important;padding-top: 40px !important;padding-bottom: 40px !important;background-image: url(https:\/\/sigmaingenieros.cl\/sigmaingenieros\/wp-content\/uploads\/2020\/12\/Untitled-1-270&#215;270-1.jpg?id=3199) !important;}\u00bb][vc_column width=\u00bb1\/2&#8243; css=\u00bb.vc_custom_1465904326225{margin-right: 0px !important;padding-top: 40px !important;padding-right: 0px !important;}\u00bb]<div class=\"mgt-promo-block black-text text-size-normal no-darken mgt-promo-block-75700987093 wpb_content_element\" data-style=\"background-color: #ffffff;width: 100%; height: 300px;\"><div class=\"mgt-promo-block-content\"><div class=\"mgt-promo-block-content-inside vc_custom_1610057479226\">\n<h5 style=\"text-align: left\"><\/h5>\n<h2 style=\"text-align: left\"><span style=\"vertical-align: inherit\"><span style=\"vertical-align: inherit\"><span style=\"vertical-align: inherit\"><span style=\"vertical-align: inherit\"><span style=\"vertical-align: inherit\"><span style=\"vertical-align: inherit\">Grandes Experiencias\u00a0<\/span><\/span><\/span><\/span><\/span><\/span><\/h2>\n<p style=\"text-align: left\"><strong><span style=\"vertical-align: inherit\"><span style=\"vertical-align: inherit\"><span style=\"vertical-align: inherit\"><span style=\"vertical-align: inherit\"><span style=\"vertical-align: inherit\"><span style=\"vertical-align: inherit\">Ofrecemos un servicio \u00f3ptimo y de calidad para romper expectativas de nuestros clientes<\/span><\/span><\/span><\/span><\/span><\/span><\/strong>\n<\/div><\/div><\/div>[\/vc_column][vc_column width=\u00bb1\/2&#8243; css=\u00bb.vc_custom_1465902691008{margin-left: 0px !important;padding-left: 0px !important;}\u00bb][vc_row_inner css=\u00bb.vc_custom_1465903423242{padding-top: 50px !important;padding-right: 50px !important;padding-bottom: 50px !important;padding-left: 50px !important;}\u00bb][vc_column_inner]<div class=\"mgt-icon-box wpb_content_element mgt-icon-box-right mgt-icon-fa text-white \"><div class=\"mgt-icon-box-icon hvr-icon-push\"><div class=\"mgt-font-icon\"><i class=\"fa fa-hospital-o\"><\/i><\/div><\/div><div class=\"mgt-icon-box-content\"><h6>TECNOLOG\u00cdA<\/h6><h5>CALIDAD<\/h5>Nos regimos por todas las normas y est\u00e1ndares de calidad, medio ambiente, seguridad y salud, para de esta manera evitar riesgos.<\/div><div class=\"clearfix\"><\/div><\/div><div class=\"mgt-icon-box wpb_content_element mgt-icon-box-right mgt-icon-fa text-white \"><div class=\"mgt-icon-box-icon hvr-icon-push\"><div class=\"mgt-font-icon\"><i class=\"fa fa-users\"><\/i><\/div><\/div><div class=\"mgt-icon-box-content\"><h6>NUESTRA EMPRESA<\/h6><h5>PROFESIONALIDAD<\/h5><\/p>\n<p style=\"text-align: left\">Gracias a nuestra experiencia, talento humano y proveedores calificados, podemos mantener un desempe\u00f1o de excelencia y eficiencia que nos otorga la confianza de nuestros clientes.<\/p>\n<p><\/div><div class=\"clearfix\"><\/div><\/div>[\/vc_column_inner][\/vc_row_inner][\/vc_column][\/vc_row][vc_row full_width=\u00bbstretch_row\u00bb css=\u00bb.vc_custom_1463480863149{background-color: #1c2126 !important;}\u00bb][vc_column]<div class=\"mgt-cta-block clearfix white-text with-text no-side-paddings wpb_content_element\" data-style=\"background-color: ;\"><div class=\"mgt-button-wrapper mgt-button-wrapper-align-right mgt-button-wrapper-display-newline mgt-button-top-margin-disable\"><a class=\"btn hvr-sweep-to-bottom mgt-button mgt-style-solid mgt-size-normal mgt-align-right mgt-display-newline mgt-text-size-normal mgt-button-icon-position-left mgt-text-transform-uppercase \" href=\"http:\/\/sigmaingenieros.cl\/sigmaingenieros\/contacto\/\"><i class=\"fa fa-check-square-o\"><\/i>Cont\u00e1ctenos<\/a><\/div><h5 class=\"mgt-cta-block-header\">Tienes un Proyecto en mente ?<\/h5><div class=\"mgt-cta-block-content\">Experiencia &amp; Conocimiento<\/div><\/div>[\/vc_column][\/vc_row][vc_row][vc_column]<div class=\"mgt-header-block clearfix text-left text-black wpb_content_element  mgt-header-block-style-2 mgt-header-texttransform-both \"><p class=\"mgt-header-block-subtitle\">Que ofrecemos<\/p><h2 class=\"mgt-header-block-title\">Nuestra Empresa<\/h2><\/div>[\/vc_column][\/vc_row][vc_row css=\u00bb.vc_custom_1464346399483{margin-bottom: 30px !important;}\u00bb][vc_column width=\u00bb1\/4&#8243;]<div class=\"mgt-icon-box wpb_content_element mgt-icon-box-left mgt-icon-fa mgt-icon-background mgt-icon-background-invert text-black \"><div class=\"mgt-icon-box-icon hvr-icon-push\"><div class=\"mgt-font-icon\"><i class=\"fa fa-thumbs-up\"><\/i><\/div><\/div><div class=\"mgt-icon-box-content\"><h5>COMPROMISO<\/h5><\/p>\n<p style=\"text-align: left\"><span style=\"vertical-align: inherit\"><span style=\"vertical-align: inherit\"><span style=\"vertical-align: inherit\"><span style=\"vertical-align: inherit\"><span style=\"vertical-align: inherit\"><span style=\"vertical-align: inherit\"><span style=\"vertical-align: inherit\"><span style=\"vertical-align: inherit\"><span style=\"vertical-align: inherit\"><span style=\"vertical-align: inherit\"><span style=\"vertical-align: inherit\"><span style=\"vertical-align: inherit\"><span style=\"vertical-align: inherit\"><span style=\"vertical-align: inherit\">Nace de la convicci\u00f3n y amor por lo que hacemos, permite pasar de las promesas a los hechos, generando resultados positivos, con nosotros mismos, nuestros compa\u00f1eros y la sociedad.<\/span><\/span><\/span><\/span><\/span><\/span><\/span><\/span><\/span><\/span><\/span><\/span><\/span><\/span><\/p>\n<p><\/div><div class=\"clearfix\"><\/div><\/div>[\/vc_column][vc_column width=\u00bb1\/4&#8243;]<div class=\"mgt-icon-box wpb_content_element mgt-icon-box-left mgt-icon-fa mgt-icon-background mgt-icon-background-invert text-black \"><div class=\"mgt-icon-box-icon hvr-icon-push\"><div class=\"mgt-font-icon\"><i class=\"fa fa-briefcase\"><\/i><\/div><\/div><div class=\"mgt-icon-box-content\"><h5>EXPERIENCIA<\/h5><span style=\"vertical-align: inherit\"><span style=\"vertical-align: inherit\"><span style=\"vertical-align: inherit\"><span style=\"vertical-align: inherit\"><span style=\"vertical-align: inherit\"><span style=\"vertical-align: inherit\">Nos mantenemos fieles a los mismos principios sobre los que se fund\u00f3 nuestra empresa hace m\u00e1s de 13 a\u00f1os: brindar un servicio superior a nuestros clientes, anteponer la seguridad, crear oportunidades para nuestra gente, entregar un trabajo excepcional.<\/span><\/span><\/span><\/span><\/span><\/span><\/div><div class=\"clearfix\"><\/div><\/div>[\/vc_column][vc_column width=\u00bb1\/4&#8243;]<div class=\"mgt-icon-box wpb_content_element mgt-icon-box-left mgt-icon-fa mgt-icon-background mgt-icon-background-invert text-black \"><div class=\"mgt-icon-box-icon hvr-icon-push\"><div class=\"mgt-font-icon\"><i class=\"fa fa-check-square\"><\/i><\/div><\/div><div class=\"mgt-icon-box-content\"><h5>CALIDAD Y SATISFACCI\u00d3N<\/h5><\/p>\n<p id=\"u6539-29\">Respetamos los est\u00e1ndares de calidad de cualquier proceso; buscamos la satisfacci\u00f3n de los clientes y la estandarizaci\u00f3n y control de los procesos.<\/p>\n<p><\/div><div class=\"clearfix\"><\/div><\/div>[\/vc_column][vc_column width=\u00bb1\/4&#8243;]<div class=\"mgt-icon-box wpb_content_element mgt-icon-box-left mgt-icon-fa mgt-icon-background mgt-icon-background-invert text-black \"><div class=\"mgt-icon-box-icon hvr-icon-push\"><div class=\"mgt-font-icon\"><i class=\"fa fa-users\"><\/i><\/div><\/div><div class=\"mgt-icon-box-content\"><h5>PROFESIONALES<\/h5>Contamos con Profesionales 100% dedicados a cada \u00e1rea con un equipo de coordinaci\u00f3n multidisciplinaria en el que trabajan diferentes profesionales tales como: Ingenieros Civiles, Ingeniero Civil Estructural, Arquitecto, Proyectistas y personal administrativo.<\/div><div class=\"clearfix\"><\/div><\/div>[\/vc_column][\/vc_row][vc_row][vc_column][vc_empty_space][\/vc_column][\/vc_row]<\/p>\n","protected":false},"excerpt":{"rendered":"<p>[vc_row][vc_column][rev_slider_vc alias=\u00bbthebuilt-2&#8243;][\/vc_column][\/vc_row][vc_row][vc_column][\/vc_column][\/vc_row][vc_row full_width=\u00bbstretch_row\u00bb css=\u00bb.vc_custom_1465983521264{padding-top: 20px !important;padding-bottom: 50px !important;}\u00bb][vc_column width=\u00bb1\/4&#8243;][vc_column_text css_animation=\u00bbleft-to-right\u00bb css=\u00bb.vc_custom_1607050675725{padding-top: 25px !important;}\u00bb] DISE\u00d1O ESTRUCTUAL [\/vc_column_text][\/vc_column][vc_column width=\u00bb1\/4&#8243;][vc_column_text css_animation=\u00bbleft-to-right\u00bb css=\u00bb.vc_custom_1608340761061{padding-top: 25px !important;}\u00bb] REVISI\u00d3N ESTRUCTURAL [\/vc_column_text][\/vc_column][vc_column width=\u00bb1\/4&#8243;][vc_column_text css_animation=\u00bbleft-to-right\u00bb css=\u00bb.vc_custom_1607050687051{padding-top: 25px !important;}\u00bb] INFORMES&#8230;<\/p>\n","protected":false},"author":2,"featured_media":0,"parent":0,"menu_order":0,"comment_status":"closed","ping_status":"closed","template":"","meta":{"footnotes":""},"class_list":["post-11","page","type-page","status-publish","hentry"],"_links":{"self":[{"href":"https:\/\/sigmaingenieros.cl\/sigmaingenieros\/wp-json\/wp\/v2\/pages\/11","targetHints":{"allow":["GET"]}}],"collection":[{"href":"https:\/\/sigmaingenieros.cl\/sigmaingenieros\/wp-json\/wp\/v2\/pages"}],"about":[{"href":"https:\/\/sigmaingenieros.cl\/sigmaingenieros\/wp-json\/wp\/v2\/types\/page"}],"author":[{"embeddable":true,"href":"https:\/\/sigmaingenieros.cl\/sigmaingenieros\/wp-json\/wp\/v2\/users\/2"}],"replies":[{"embeddable":true,"href":"https:\/\/sigmaingenieros.cl\/sigmaingenieros\/wp-json\/wp\/v2\/comments?post=11"}],"version-history":[{"count":52,"href":"https:\/\/sigmaingenieros.cl\/sigmaingenieros\/wp-json\/wp\/v2\/pages\/11\/revisions"}],"predecessor-version":[{"id":3574,"href":"https:\/\/sigmaingenieros.cl\/sigmaingenieros\/wp-json\/wp\/v2\/pages\/11\/revisions\/3574"}],"wp:attachment":[{"href":"https:\/\/sigmaingenieros.cl\/sigmaingenieros\/wp-json\/wp\/v2\/media?parent=11"}],"curies":[{"name":"wp","href":"https:\/\/api.w.org\/{rel}","templated":true}]}}